{"id":4707,"date":"2021-09-11T22:20:22","date_gmt":"2021-09-11T22:20:22","guid":{"rendered":"https:\/\/demo.gloriathemes.com\/loquet\/demo\/membership-2\/"},"modified":"2023-10-03T13:19:27","modified_gmt":"2023-10-03T12:19:27","slug":"careers","status":"publish","type":"page","link":"https:\/\/aqshf.gov.al\/en\/careers\/","title":{"rendered":"Careers"},"content":{"rendered":"\t\t<div data-elementor-type=\"wp-page\" data-elementor-id=\"4707\" class=\"elementor elementor-4707\">\n\t\t\t\t\t\t\t\t\t<section class=\"elementor-section elementor-top-section elementor-element elementor-element-8cc303b elementor-section-boxed elementor-section-height-default elementor-section-height-default\" data-id=\"8cc303b\" data-element_type=\"section\">\n\t\t\t\t\t\t<div class=\"elementor-container elementor-column-gap-no\">\n\t\t\t\t\t<div class=\"elementor-column elementor-col-100 elementor-top-column elementor-element elementor-element-617ed39\" data-id=\"617ed39\" data-element_type=\"column\">\n\t\t\t<div class=\"elementor-widget-wrap elementor-element-populated\">\n\t\t\t\t\t\t\t\t<div class=\"elementor-element elementor-element-473b075 elementor-widget elementor-widget-accordion\" data-id=\"473b075\" data-element_type=\"widget\" data-widget_type=\"accordion.default\">\n\t\t\t\t<div class=\"elementor-widget-container\">\n\t\t\t<style>\/*! elementor - v3.18.0 - 08-12-2023 *\/\n.elementor-accordion{text-align:left}.elementor-accordion .elementor-accordion-item{border:1px solid #d5d8dc}.elementor-accordion .elementor-accordion-item+.elementor-accordion-item{border-top:none}.elementor-accordion .elementor-tab-title{margin:0;padding:15px 20px;font-weight:700;line-height:1;cursor:pointer;outline:none}.elementor-accordion .elementor-tab-title .elementor-accordion-icon{display:inline-block;width:1.5em}.elementor-accordion .elementor-tab-title .elementor-accordion-icon svg{width:1em;height:1em}.elementor-accordion .elementor-tab-title .elementor-accordion-icon.elementor-accordion-icon-right{float:right;text-align:right}.elementor-accordion .elementor-tab-title .elementor-accordion-icon.elementor-accordion-icon-left{float:left;text-align:left}.elementor-accordion .elementor-tab-title .elementor-accordion-icon .elementor-accordion-icon-closed{display:block}.elementor-accordion .elementor-tab-title .elementor-accordion-icon .elementor-accordion-icon-opened,.elementor-accordion .elementor-tab-title.elementor-active .elementor-accordion-icon-closed{display:none}.elementor-accordion .elementor-tab-title.elementor-active .elementor-accordion-icon-opened{display:block}.elementor-accordion .elementor-tab-content{display:none;padding:15px 20px;border-top:1px solid #d5d8dc}@media (max-width:767px){.elementor-accordion .elementor-tab-title{padding:12px 15px}.elementor-accordion .elementor-tab-title .elementor-accordion-icon{width:1.2em}.elementor-accordion .elementor-tab-content{padding:7px 15px}}.e-con-inner>.elementor-widget-accordion,.e-con>.elementor-widget-accordion{width:var(--container-widget-width);--flex-grow:var(--container-widget-flex-grow)}<\/style>\t\t<div class=\"elementor-accordion\">\n\t\t\t\t\t\t\t<div class=\"elementor-accordion-item\">\n\t\t\t\t\t<div id=\"elementor-tab-title-7461\" class=\"elementor-tab-title\" data-tab=\"1\" role=\"button\" aria-controls=\"elementor-tab-content-7461\" aria-expanded=\"false\">\n\t\t\t\t\t\t\t\t\t\t\t\t\t<span class=\"elementor-accordion-icon elementor-accordion-icon-right\" aria-hidden=\"true\">\n\t\t\t\t\t\t\t\t\t\t\t\t\t\t\t<span class=\"elementor-accordion-icon-closed\"><i class=\"fas fa-chevron-down\"><\/i><\/span>\n\t\t\t\t\t\t\t\t<span class=\"elementor-accordion-icon-opened\"><i class=\"fas fa-chevron-up\"><\/i><\/span>\n\t\t\t\t\t\t\t\t\t\t\t\t\t\t<\/span>\n\t\t\t\t\t\t\t\t\t\t\t\t<a class=\"elementor-accordion-title\" tabindex=\"0\">Njoftim p\u00ebr vend t\u00eb lir\u00eb pune \u00abTeknik i mes\u00ebm\u00bb n\u00eb Sektorin e Digitalizimit, Restaurimit, Mir\u00ebmbajtjes Teknike n\u00eb AQSHF<\/a>\n\t\t\t\t\t<\/div>\n\t\t\t\t\t<div id=\"elementor-tab-content-7461\" class=\"elementor-tab-content elementor-clearfix\" data-tab=\"1\" role=\"region\" aria-labelledby=\"elementor-tab-title-7461\"><center><strong>3 Tetor 2023<\/strong><\/center>\n<br \/><br \/>\nN\u00eb mb\u00ebshtetje t\u00eb dispozitave t\u00eb Ligjit me Nr. 7961, dat\u00eb 12.07.1995, \u201cKodi i Pun\u00ebs s\u00eb Republik\u00ebs s\u00eb Shqip\u00ebris\u00eb\u201d (i ndryshuar), Rregullores s\u00eb Brend\u00ebshme t\u00eb AQSHF, si dhe legjislacionit t\u00eb R.Sh-s\u00eb n\u00eb fuqi, shpallet njoftimi p\u00ebr v\u00ebnd t\u00eb lir\u00eb pune \u201cTeknik i mes\u00ebm\u201d n\u00eb Sektorin e Digitalizimit, Restaurimit, Mir\u00ebmbajtjes Teknike n\u00eb AQSHF si m\u00eb posht\u00eb:\n<br \/><br \/>\n<strong>M\u00ebnyra e aplikimit<\/strong><br \/>\nT\u00eb gjith\u00eb kanditat\u00ebt e interesuar p\u00ebr t\u2019u pun\u00ebsuar si \u00abTeknik i mes\u00ebm\u00bb n\u00eb Sektorin e Digitalizimit, Restaurimit, Mir\u00ebmbajtjes Teknike n\u00eb AQSHF, duhet t\u00eb paraqesin pran\u00eb zyr\u00ebs s\u00eb protokollit t\u00eb Institucionit n\u00eb nj\u00eb dosje dokumentacionin e m\u00ebposht\u00ebm deri m\u00eb dat\u00eb <strong>17.10.2023<\/strong>, nga ora <strong>09:00<\/strong> deri n\u00eb or\u00ebn <strong>16:00<\/strong>.\n<br \/><br \/>\n<strong>Dokumentacioni ligjor q\u00eb duhet t\u00eb paraqesin kandidat\u00ebt<\/strong><br \/>\n\u2022 K\u00ebrkes\u00eb p\u00ebr t\u2019u pun\u00ebsuar si \u201cteknik i mes\u00ebm\u201d n\u00eb Sektorin e Digitalizimit, Restaurimit, Mirmbajtjes Teknike n\u00eb AQSHF.\n<br \/>\n\u2022 T\u00eb ket\u00eb kryer studimet e mesme, brenda ose jasht\u00eb vendit.\n<br \/>\n\u2022 Diplom\u00eb e p\u00ebrfundimit t\u00eb shkoll\u00ebs s\u00eb mesme dhe list\u00eb notash t\u00eb noterizuar.\n<br \/>\n\u2022 Fotokopje e dokumentit t\u00eb identitetit.\n<br \/>\n\u2022 V\u00ebrtetim i gj\u00ebndjes gjyq\u00ebsore.\n<br \/>\n\u2022 Raport mjeko-ligjor.\n<br \/>\n\u2022 Curriculum Vitae.\n<br \/>\n\u2022 T\u00eb ket\u00eb aft\u00ebsi t\u00eb mira komunikimi individuale dhe n\u00eb grup.\n<br \/><br \/>\n<strong>Shpallja e fituesit<\/strong><br \/>\nShpallja e fituesit do t\u00eb publikohet me an\u00eb t\u00eb nj\u00eb njoftimi n\u00eb internet, n\u00eb faqen zyrtare t\u00eb Arkivit Qendror Shtet\u00ebror t\u00eb Filmit.<\/div>\n\t\t\t\t<\/div>\n\t\t\t\t\t\t\t\t\t\t<script type=\"application\/ld+json\">{\"@context\":\"https:\\\/\\\/schema.org\",\"@type\":\"FAQPage\",\"mainEntity\":[{\"@type\":\"Question\",\"name\":\"Njoftim p\\u00ebr vend t\\u00eb lir\\u00eb pune \\u00abTeknik i mes\\u00ebm\\u00bb n\\u00eb Sektorin e Digitalizimit, Restaurimit, Mir\\u00ebmbajtjes Teknike n\\u00eb AQSHF\",\"acceptedAnswer\":{\"@type\":\"Answer\",\"text\":\"<center><strong>3 Tetor 2023<\\\/strong><\\\/center>\\n<br \\\/><br \\\/>\\nN\\u00eb mb\\u00ebshtetje t\\u00eb dispozitave t\\u00eb Ligjit me Nr. 7961, dat\\u00eb 12.07.1995, \\u201cKodi i Pun\\u00ebs s\\u00eb Republik\\u00ebs s\\u00eb Shqip\\u00ebris\\u00eb\\u201d (i ndryshuar), Rregullores s\\u00eb Brend\\u00ebshme t\\u00eb AQSHF, si dhe legjislacionit t\\u00eb R.Sh-s\\u00eb n\\u00eb fuqi, shpallet njoftimi p\\u00ebr v\\u00ebnd t\\u00eb lir\\u00eb pune \\u201cTeknik i mes\\u00ebm\\u201d n\\u00eb Sektorin e Digitalizimit, Restaurimit, Mir\\u00ebmbajtjes Teknike n\\u00eb AQSHF si m\\u00eb posht\\u00eb:\\n<br \\\/><br \\\/>\\n<strong>M\\u00ebnyra e aplikimit<\\\/strong><br \\\/>\\nT\\u00eb gjith\\u00eb kanditat\\u00ebt e interesuar p\\u00ebr t\\u2019u pun\\u00ebsuar si \\u00abTeknik i mes\\u00ebm\\u00bb n\\u00eb Sektorin e Digitalizimit, Restaurimit, Mir\\u00ebmbajtjes Teknike n\\u00eb AQSHF, duhet t\\u00eb paraqesin pran\\u00eb zyr\\u00ebs s\\u00eb protokollit t\\u00eb Institucionit n\\u00eb nj\\u00eb dosje dokumentacionin e m\\u00ebposht\\u00ebm deri m\\u00eb dat\\u00eb <strong>17.10.2023<\\\/strong>, nga ora <strong>09:00<\\\/strong> deri n\\u00eb or\\u00ebn <strong>16:00<\\\/strong>.\\n<br \\\/><br \\\/>\\n<strong>Dokumentacioni ligjor q\\u00eb duhet t\\u00eb paraqesin kandidat\\u00ebt<\\\/strong><br \\\/>\\n\\u2022 K\\u00ebrkes\\u00eb p\\u00ebr t\\u2019u pun\\u00ebsuar si \\u201cteknik i mes\\u00ebm\\u201d n\\u00eb Sektorin e Digitalizimit, Restaurimit, Mirmbajtjes Teknike n\\u00eb AQSHF.\\n<br \\\/>\\n\\u2022 T\\u00eb ket\\u00eb kryer studimet e mesme, brenda ose jasht\\u00eb vendit.\\n<br \\\/>\\n\\u2022 Diplom\\u00eb e p\\u00ebrfundimit t\\u00eb shkoll\\u00ebs s\\u00eb mesme dhe list\\u00eb notash t\\u00eb noterizuar.\\n<br \\\/>\\n\\u2022 Fotokopje e dokumentit t\\u00eb identitetit.\\n<br \\\/>\\n\\u2022 V\\u00ebrtetim i gj\\u00ebndjes gjyq\\u00ebsore.\\n<br \\\/>\\n\\u2022 Raport mjeko-ligjor.\\n<br \\\/>\\n\\u2022 Curriculum Vitae.\\n<br \\\/>\\n\\u2022 T\\u00eb ket\\u00eb aft\\u00ebsi t\\u00eb mira komunikimi individuale dhe n\\u00eb grup.\\n<br \\\/><br \\\/>\\n<strong>Shpallja e fituesit<\\\/strong><br \\\/>\\nShpallja e fituesit do t\\u00eb publikohet me an\\u00eb t\\u00eb nj\\u00eb njoftimi n\\u00eb internet, n\\u00eb faqen zyrtare t\\u00eb Arkivit Qendror Shtet\\u00ebror t\\u00eb Filmit.\"}}]}<\/script>\n\t\t\t\t\t<\/div>\n\t\t\t\t<\/div>\n\t\t\t\t<\/div>\n\t\t\t\t\t<\/div>\n\t\t<\/div>\n\t\t\t\t\t\t\t<\/div>\n\t\t<\/section>\n\t\t\t\t\t\t\t<\/div>\n\t\t","protected":false},"excerpt":{"rendered":"<p>Njoftim p\u00ebr vend t\u00eb lir\u00eb pune \u00abTeknik i mes\u00ebm\u00bb n\u00eb Sektorin e Digitalizimit, Restaurimit, Mir\u00ebmbajtjes Teknike n\u00eb AQSHF 3 Tetor 2023 N\u00eb mb\u00ebshtetje t\u00eb dispozitave&#8230;<\/p>\n","protected":false},"author":1,"featured_media":0,"parent":0,"menu_order":0,"comment_status":"closed","ping_status":"closed","template":"","meta":{"_jet_sm_ready_style":"","_jet_sm_style":"","_jet_sm_controls_values":"","_jet_sm_fonts_collection":"","_jet_sm_fonts_links":"","cybocfi_hide_featured_image":"","footnotes":""},"class_list":["post-4707","page","type-page","status-publish","hentry"],"_links":{"self":[{"href":"https:\/\/aqshf.gov.al\/en\/wp-json\/wp\/v2\/pages\/4707","targetHints":{"allow":["GET"]}}],"collection":[{"href":"https:\/\/aqshf.gov.al\/en\/wp-json\/wp\/v2\/pages"}],"about":[{"href":"https:\/\/aqshf.gov.al\/en\/wp-json\/wp\/v2\/types\/page"}],"author":[{"embeddable":true,"href":"https:\/\/aqshf.gov.al\/en\/wp-json\/wp\/v2\/users\/1"}],"replies":[{"embeddable":true,"href":"https:\/\/aqshf.gov.al\/en\/wp-json\/wp\/v2\/comments?post=4707"}],"version-history":[{"count":21,"href":"https:\/\/aqshf.gov.al\/en\/wp-json\/wp\/v2\/pages\/4707\/revisions"}],"predecessor-version":[{"id":9245,"href":"https:\/\/aqshf.gov.al\/en\/wp-json\/wp\/v2\/pages\/4707\/revisions\/9245"}],"wp:attachment":[{"href":"https:\/\/aqshf.gov.al\/en\/wp-json\/wp\/v2\/media?parent=4707"}],"curies":[{"name":"wp","href":"https:\/\/api.w.org\/{rel}","templated":true}]}}