{"id":2613,"date":"2021-09-24T00:55:57","date_gmt":"2021-09-24T00:55:57","guid":{"rendered":"https:\/\/demo.gloriathemes.com\/loquet\/demo\/?page_id=2613"},"modified":"2025-07-11T10:53:46","modified_gmt":"2025-07-11T09:53:46","slug":"eljan-tanini","status":"publish","type":"page","link":"https:\/\/aqshf.gov.al\/en\/eljan-tanini\/","title":{"rendered":"Eljan Tanini"},"content":{"rendered":"\t\t<div data-elementor-type=\"wp-page\" data-elementor-id=\"2613\" class=\"elementor elementor-2613\">\n\t\t\t\t\t\t\t\t\t<section class=\"elementor-section elementor-top-section elementor-element elementor-element-23ac718 elementor-section-full_width elementor-section-height-default elementor-section-height-default\" data-id=\"23ac718\" data-element_type=\"section\">\n\t\t\t\t\t\t<div class=\"elementor-container elementor-column-gap-no\">\n\t\t\t\t\t<div class=\"elementor-column elementor-col-100 elementor-top-column elementor-element elementor-element-cfea917\" data-id=\"cfea917\" data-element_type=\"column\">\n\t\t\t<div class=\"elementor-widget-wrap elementor-element-populated\">\n\t\t\t\t\t\t\t\t<div class=\"elementor-element elementor-element-aee1964 elementor-widget elementor-widget-image\" data-id=\"aee1964\" data-element_type=\"widget\" data-widget_type=\"image.default\">\n\t\t\t\t<div class=\"elementor-widget-container\">\n\t\t\t<style>\/*! elementor - v3.18.0 - 08-12-2023 *\/\n.elementor-widget-image{text-align:center}.elementor-widget-image a{display:inline-block}.elementor-widget-image a img[src$=\".svg\"]{width:48px}.elementor-widget-image img{vertical-align:middle;display:inline-block}<\/style>\t\t\t\t\t\t\t\t\t\t\t\t<img fetchpriority=\"high\" decoding=\"async\" width=\"225\" height=\"300\" src=\"https:\/\/aqshf.gov.al\/wp-content\/uploads\/2025\/07\/Eljan-Tanini-225x300.jpg\" class=\"attachment-medium size-medium wp-image-184997\" alt=\"\" srcset=\"https:\/\/aqshf.gov.al\/wp-content\/uploads\/2025\/07\/Eljan-Tanini-225x300.jpg 225w, https:\/\/aqshf.gov.al\/wp-content\/uploads\/2025\/07\/Eljan-Tanini-768x1024.jpg 768w, https:\/\/aqshf.gov.al\/wp-content\/uploads\/2025\/07\/Eljan-Tanini-1152x1536.jpg 1152w, https:\/\/aqshf.gov.al\/wp-content\/uploads\/2025\/07\/Eljan-Tanini-415x553.jpg 415w, https:\/\/aqshf.gov.al\/wp-content\/uploads\/2025\/07\/Eljan-Tanini-650x867.jpg 650w, https:\/\/aqshf.gov.al\/wp-content\/uploads\/2025\/07\/Eljan-Tanini-250x333.jpg 250w, https:\/\/aqshf.gov.al\/wp-content\/uploads\/2025\/07\/Eljan-Tanini.jpg 1423w\" sizes=\"(max-width: 225px) 100vw, 225px\" \/>\t\t\t\t\t\t\t\t\t\t\t\t\t\t\t<\/div>\n\t\t\t\t<\/div>\n\t\t\t\t<div class=\"elementor-element elementor-element-d0a44c7 elementor-widget elementor-widget-text-editor\" data-id=\"d0a44c7\" data-element_type=\"widget\" data-widget_type=\"text-editor.default\">\n\t\t\t\t<div class=\"elementor-widget-container\">\n\t\t\t<style>\/*! elementor - v3.18.0 - 08-12-2023 *\/\n.elementor-widget-text-editor.elementor-drop-cap-view-stacked .elementor-drop-cap{background-color:#69727d;color:#fff}.elementor-widget-text-editor.elementor-drop-cap-view-framed .elementor-drop-cap{color:#69727d;border:3px solid;background-color:transparent}.elementor-widget-text-editor:not(.elementor-drop-cap-view-default) .elementor-drop-cap{margin-top:8px}.elementor-widget-text-editor:not(.elementor-drop-cap-view-default) .elementor-drop-cap-letter{width:1em;height:1em}.elementor-widget-text-editor .elementor-drop-cap{float:left;text-align:center;line-height:1;font-size:50px}.elementor-widget-text-editor .elementor-drop-cap-letter{display:inline-block}<\/style>\t\t\t\t<p><b>Visual artist Eljan Tanini is appointed as Director of the Albanian National Film Archive, on July 10, 2025.<\/b><\/p><p>He completed his studies at the &#8220;Jordan Misja&#8221; Arts High School in Tirana, painting-graphics department (2006), and completed his bachelor&#8217;s and master&#8217;s studies in Philosophy, Faculty of Social Sciences, University of Tirana (2011).<\/p><p>He has published the essay reflection &#8220;Tregu i Zeros&#8221; (2009) and the poem &#8220;Pa pik'&#8221; (2016). Also, Tanini&#8217;s literary materials have been published and translated in several anthologies in the Balkans and beyond.<br \/><br \/>He is the author of several personal and collective exhibitions in the country and abroad. (2016 and later). Since 2016 he has realized and is the author of several works of visual art, such as murals and installations in Tirana and Albania, where among others the following are highlighted: The Prrenjas Mining Towers painted with lady beetle designs, Guri i Kuq Pogradec, Kavaj\u00eb Children&#8217;s Home for Disabled Children, &#8220;Myslym Shyri&#8221; Street, the Fish Palace in Tirana, the walls of the Ministry of Education, the origami installation of \u00c7ufo and Bubit Ka\u00e7urrel on D\u00ebshmor\u00ebt e Kombit Boulevard, the installation of the Skoda of 2 July 1990 on the back wall of the German Embassy and the origami airplane at the Aviation Field in Tirana. These installations are connected to the collective memory.<\/p><p>Creator and collaborator of the initiative spread throughout Albania &#8220;Plant Your Own Tree&#8221;, an initiative for which Tanini, together with his friends, received the Act Now Award of the Year from the American Embassy in Tirana, given by Ambassador Arvizu (2012-2014). Tanini won the international &#8220;Focus&#8221; award with the photograph &#8220;Like a Kiss for Dad&#8221;.<\/p><p>Eljan Tanini is also a journalist and moderator of the shows &#8220;Essence&#8221; and &#8220;Amarcord&#8221; on Report TV, shows that focus on Albania&#8217;s past and nostalgia.<\/p>\t\t\t\t\t\t<\/div>\n\t\t\t\t<\/div>\n\t\t\t\t\t<\/div>\n\t\t<\/div>\n\t\t\t\t\t\t\t<\/div>\n\t\t<\/section>\n\t\t\t\t<section class=\"elementor-section elementor-top-section elementor-element elementor-element-330a772 elementor-section-boxed elementor-section-height-default elementor-section-height-default\" data-id=\"330a772\" data-element_type=\"section\">\n\t\t\t\t\t\t<div class=\"elementor-container elementor-column-gap-default\">\n\t\t\t\t\t<div class=\"elementor-column elementor-col-100 elementor-top-column elementor-element elementor-element-7e3f13f\" data-id=\"7e3f13f\" data-element_type=\"column\">\n\t\t\t<div class=\"elementor-widget-wrap\">\n\t\t\t\t\t\t\t\t\t<\/div>\n\t\t<\/div>\n\t\t\t\t\t\t\t<\/div>\n\t\t<\/section>\n\t\t\t\t\t\t\t<\/div>\n\t\t","protected":false},"excerpt":{"rendered":"<p>Visual artist Eljan Tanini is appointed as Director of the Albanian National Film Archive, on July 10, 2025. He completed his studies at the &#8220;Jordan&#8230;<\/p>\n","protected":false},"author":1,"featured_media":0,"parent":0,"menu_order":0,"comment_status":"closed","ping_status":"closed","template":"","meta":{"_jet_sm_ready_style":"","_jet_sm_style":"","_jet_sm_controls_values":"","_jet_sm_fonts_collection":"","_jet_sm_fonts_links":"","cybocfi_hide_featured_image":"","footnotes":""},"class_list":["post-2613","page","type-page","status-publish","hentry"],"_links":{"self":[{"href":"https:\/\/aqshf.gov.al\/en\/wp-json\/wp\/v2\/pages\/2613","targetHints":{"allow":["GET"]}}],"collection":[{"href":"https:\/\/aqshf.gov.al\/en\/wp-json\/wp\/v2\/pages"}],"about":[{"href":"https:\/\/aqshf.gov.al\/en\/wp-json\/wp\/v2\/types\/page"}],"author":[{"embeddable":true,"href":"https:\/\/aqshf.gov.al\/en\/wp-json\/wp\/v2\/users\/1"}],"replies":[{"embeddable":true,"href":"https:\/\/aqshf.gov.al\/en\/wp-json\/wp\/v2\/comments?post=2613"}],"version-history":[{"count":35,"href":"https:\/\/aqshf.gov.al\/en\/wp-json\/wp\/v2\/pages\/2613\/revisions"}],"predecessor-version":[{"id":185032,"href":"https:\/\/aqshf.gov.al\/en\/wp-json\/wp\/v2\/pages\/2613\/revisions\/185032"}],"wp:attachment":[{"href":"https:\/\/aqshf.gov.al\/en\/wp-json\/wp\/v2\/media?parent=2613"}],"curies":[{"name":"wp","href":"https:\/\/api.w.org\/{rel}","templated":true}]}}