{"id":131,"date":"2021-09-11T22:24:58","date_gmt":"2021-09-11T22:24:58","guid":{"rendered":""},"modified":"2023-11-01T13:15:32","modified_gmt":"2023-11-01T12:15:32","slug":"cinematheque-events","status":"publish","type":"page","link":"https:\/\/aqshf.gov.al\/en\/cinematheque-events\/","title":{"rendered":"Cinematheque Events"},"content":{"rendered":"\t\t<div data-elementor-type=\"wp-page\" data-elementor-id=\"131\" class=\"elementor elementor-131\">\n\t\t\t\t\t\t\t\t\t<section class=\"elementor-section elementor-top-section elementor-element elementor-element-b0a35be elementor-section-full_width elementor-section-height-default elementor-section-height-default\" data-id=\"b0a35be\" data-element_type=\"section\">\n\t\t\t\t\t\t<div class=\"elementor-container elementor-column-gap-no\">\n\t\t\t\t\t<div class=\"elementor-column elementor-col-100 elementor-top-column elementor-element elementor-element-d0945dd\" data-id=\"d0945dd\" data-element_type=\"column\">\n\t\t\t<div class=\"elementor-widget-wrap elementor-element-populated\">\n\t\t\t\t\t\t\t\t<div class=\"elementor-element elementor-element-757feed elementor-widget elementor-widget-loquet-events-widget\" data-id=\"757feed\" data-element_type=\"widget\" data-widget_type=\"loquet-events-widget.default\">\n\t\t\t\t<div class=\"elementor-widget-container\">\n\t\t\t<div class=\"gt-events-listing gt-style-3 gt-light gt-align-left\"><div class=\"gt-grid gt-grid-1 gt-spacing-20\"><div class=\"gt-grid-col\"><div class=\"gt-item\"><div class=\"gt-date gt-big-date\">May 19, 2025<span>2025<\/span><div class=\"gt-start-time\">10:00<\/div><\/div><div class=\"gt-image\"><a href=\"https:\/\/aqshf.gov.al\/en\/event\/tana\/\"><img fetchpriority=\"high\" decoding=\"async\" width=\"940\" height=\"788\" src=\"https:\/\/aqshf.gov.al\/wp-content\/uploads\/2025\/05\/Tana-19maj-2.jpg\" class=\"attachment-custom size-custom wp-post-image\" alt=\"\" srcset=\"https:\/\/aqshf.gov.al\/wp-content\/uploads\/2025\/05\/Tana-19maj-2.jpg 940w, https:\/\/aqshf.gov.al\/wp-content\/uploads\/2025\/05\/Tana-19maj-2-300x251.jpg 300w, https:\/\/aqshf.gov.al\/wp-content\/uploads\/2025\/05\/Tana-19maj-2-768x644.jpg 768w, https:\/\/aqshf.gov.al\/wp-content\/uploads\/2025\/05\/Tana-19maj-2-415x348.jpg 415w, https:\/\/aqshf.gov.al\/wp-content\/uploads\/2025\/05\/Tana-19maj-2-650x545.jpg 650w, https:\/\/aqshf.gov.al\/wp-content\/uploads\/2025\/05\/Tana-19maj-2-250x210.jpg 250w\" sizes=\"(max-width: 940px) 100vw, 940px\" \/><\/a><\/div><div class=\"gt-content\"><div class=\"gt-category\"><ul><li><a href=\"https:\/\/aqshf.gov.al\/en\/events\/category\/cinematheque-events-category\/?post_type=events\">Cinematheque Events<\/a><\/li><\/ul><\/div><div class=\"gt-title\"><a href=\"https:\/\/aqshf.gov.al\/en\/event\/tana\/\">TANA<\/a><\/div><div class=\"gt-venue\">Arkivi Qendror Shtet\u00ebror i Filmit<\/div><div class=\"gt-desc\"><p>Tana | 1958 | restored version | w\/English subtitles \u00ae\ufe0f Booked screening where anyone can join. Screenwriters: Fatmir Gjata, Nasho Jorgaqi Director: Kristaq Dhamo Music...<\/p>\n<\/div><\/div><\/div><\/div><div class=\"gt-grid-col\"><div class=\"gt-item\"><div class=\"gt-date gt-big-date\">May 19, 2025<span>2025<\/span><div class=\"gt-start-time\">12:00<\/div><\/div><div class=\"gt-image\"><a href=\"https:\/\/aqshf.gov.al\/en\/event\/victory-over-death\/\"><img decoding=\"async\" width=\"940\" height=\"788\" src=\"https:\/\/aqshf.gov.al\/wp-content\/uploads\/2025\/05\/Shfaqje-\u00ae-ku-cdokush-mund-te-bashkohet.jpg\" class=\"attachment-custom size-custom wp-post-image\" alt=\"\" srcset=\"https:\/\/aqshf.gov.al\/wp-content\/uploads\/2025\/05\/Shfaqje-\u00ae-ku-cdokush-mund-te-bashkohet.jpg 940w, https:\/\/aqshf.gov.al\/wp-content\/uploads\/2025\/05\/Shfaqje-\u00ae-ku-cdokush-mund-te-bashkohet-300x251.jpg 300w, https:\/\/aqshf.gov.al\/wp-content\/uploads\/2025\/05\/Shfaqje-\u00ae-ku-cdokush-mund-te-bashkohet-768x644.jpg 768w, https:\/\/aqshf.gov.al\/wp-content\/uploads\/2025\/05\/Shfaqje-\u00ae-ku-cdokush-mund-te-bashkohet-415x348.jpg 415w, https:\/\/aqshf.gov.al\/wp-content\/uploads\/2025\/05\/Shfaqje-\u00ae-ku-cdokush-mund-te-bashkohet-650x545.jpg 650w, https:\/\/aqshf.gov.al\/wp-content\/uploads\/2025\/05\/Shfaqje-\u00ae-ku-cdokush-mund-te-bashkohet-250x210.jpg 250w\" sizes=\"(max-width: 940px) 100vw, 940px\" \/><\/a><\/div><div class=\"gt-content\"><div class=\"gt-category\"><ul><li><a href=\"https:\/\/aqshf.gov.al\/en\/events\/category\/cinematheque-events-category\/?post_type=events\">Cinematheque Events<\/a><\/li><\/ul><\/div><div class=\"gt-title\"><a href=\"https:\/\/aqshf.gov.al\/en\/event\/victory-over-death\/\">VICTORY OVER DEATH<\/a><\/div><div class=\"gt-venue\">Arkivi Qendror Shtet\u00ebror i Filmit<\/div><div class=\"gt-desc\"><p>Victory Over Death | 1967 | restored version | w\/English subtitles \u00ae\ufe0f Booked screening where anyone can join. Screenwriters: Pe\u00e7i Dado, G\u00ebzim Erebara, Piro Milkani...<\/p>\n<\/div><\/div><\/div><\/div><\/div><\/div>\t\t<\/div>\n\t\t\t\t<\/div>\n\t\t\t\t\t<\/div>\n\t\t<\/div>\n\t\t\t\t\t\t\t<\/div>\n\t\t<\/section>\n\t\t\t\t\t\t\t<\/div>\n\t\t","protected":false},"excerpt":{"rendered":"<p>November 2202311:00 Shfaqje n\u00eb Kinema N\u00eb \u00e7do stin\u00ebArkivi Qendror Shtet\u00ebror i Filmit Me regji t\u00eb regjisorit Viktor Gjika, ky film artistik me ngjyra, i xhiruar&#8230;<\/p>\n","protected":false},"author":1,"featured_media":0,"parent":0,"menu_order":0,"comment_status":"closed","ping_status":"closed","template":"","meta":{"_jet_sm_ready_style":"","_jet_sm_style":"","_jet_sm_controls_values":"","_jet_sm_fonts_collection":"","_jet_sm_fonts_links":"","cybocfi_hide_featured_image":"","footnotes":""},"class_list":["post-131","page","type-page","status-publish","hentry"],"_links":{"self":[{"href":"https:\/\/aqshf.gov.al\/en\/wp-json\/wp\/v2\/pages\/131","targetHints":{"allow":["GET"]}}],"collection":[{"href":"https:\/\/aqshf.gov.al\/en\/wp-json\/wp\/v2\/pages"}],"about":[{"href":"https:\/\/aqshf.gov.al\/en\/wp-json\/wp\/v2\/types\/page"}],"author":[{"embeddable":true,"href":"https:\/\/aqshf.gov.al\/en\/wp-json\/wp\/v2\/users\/1"}],"replies":[{"embeddable":true,"href":"https:\/\/aqshf.gov.al\/en\/wp-json\/wp\/v2\/comments?post=131"}],"version-history":[{"count":31,"href":"https:\/\/aqshf.gov.al\/en\/wp-json\/wp\/v2\/pages\/131\/revisions"}],"predecessor-version":[{"id":64748,"href":"https:\/\/aqshf.gov.al\/en\/wp-json\/wp\/v2\/pages\/131\/revisions\/64748"}],"wp:attachment":[{"href":"https:\/\/aqshf.gov.al\/en\/wp-json\/wp\/v2\/media?parent=131"}],"curies":[{"name":"wp","href":"https:\/\/api.w.org\/{rel}","templated":true}]}}